{"id":470,"date":"2024-03-14T12:34:14","date_gmt":"2024-03-14T12:34:14","guid":{"rendered":"https:\/\/sr-rhc.org\/?page_id=470"},"modified":"2024-04-04T18:14:09","modified_gmt":"2024-04-04T18:14:09","slug":"propovedi","status":"publish","type":"page","link":"https:\/\/sr-rhc.org\/?page_id=470","title":{"rendered":"Propovedi"},"content":{"rendered":"<p><div class=\"et_d4_element et_pb_section et_pb_section_0 et_pb_section_parallax et_pb_with_background  et_pb_css_mix_blend_mode et_pb_fullwidth_section et_section_regular et_block_section\" >\n\t\t\t\t\n\t\t\t\t<span class=\"et_parallax_bg_wrap et-pb-parallax-wrapper\"><span\n\t\t\t\t\t\tclass=\"et_parallax_bg et_parallax_bg--et_pb_section_0\"\n\t\t\t\t\t\tstyle=\"background-image: url(https:\/\/sr-rhc.org\/wp-content\/uploads\/2021\/04\/church-23.jpg);\"\n\t\t\t\t\t><\/span><\/span>\n\t\t\t\t\n\t\t\t\t\n\t\t\t\t\n\t\t\t\t\n\t\t\t\t<section class=\"et_pb_module et_d4_element et_pb_fullwidth_header et_pb_fullwidth_header_0 et_animated  et_pb_css_mix_blend_mode et_pb_text_align_center et_pb_bg_layout_dark\">\n\t\t\t\t\n\t\t\t\t\n\t\t\t\t\n\t\t\t\t\n\t\t\t\t<div class=\"et_pb_fullwidth_header_container center\">\n\t\t\t\t\t<div class=\"header-content-container center\">\n\t\t\t\t\t<div class=\"header-content\">\n\t\t\t\t\t\t\n\t\t\t\t\t\t<h1 class=\"et_pb_module_header\">PROPOVEDI<\/h1>\n\t\t\t\t\t\t<span class=\"et_pb_fullwidth_header_subhead\">Donec sollicitudin molestie malesuada. Lorem ipsum dolor sit amet, consectetur adipiscing elit. Praesent sapien massa, convallis a pellentesque nec, egestas non nisi<\/span>\n\t\t\t\t\t\t<div class=\"et_pb_header_content_wrapper\"><\/br><\/div>\n\t\t\t\t\t\t<a class=\"et_pb_button et_pb_more_button et_pb_button_one\" href=\"\">Subscribe<\/a><a class=\"et_pb_button et_pb_more_button et_pb_button_two\" href=\"\" data-icon=\"I\">Live Stream<\/a>\n\t\t\t\t\t<\/div>\n\t\t\t\t<\/div>\n\t\t\t\t\t\n\t\t\t\t<\/div>\n\t\t\t\t<div class=\"et_pb_fullwidth_header_overlay\"><\/div>\n\t\t\t\t<div class=\"et_pb_fullwidth_header_scroll\"><\/div>\n\t\t\t<\/section>\n\t\t\t\t\n\t\t\t\t\n\t\t\t<\/div><div class=\"et_d4_element et_pb_section et_pb_section_1 et_pb_specialty_fullwidth  et_pb_css_mix_blend_mode et_section_specialty et_block_section\" >\n\t\t\t\t\n\t\t\t\t\n\t\t\t\t\n\t\t\t\t\n\t\t\t\t\n\t\t\t\t<div class=\"et_pb_row et_block_row et_d4_element et_pb_gutters1\">\n\t\t\t\t<div class=\"et_d4_element et_pb_column_2_3 et_pb_column et_pb_column_0   et_pb_specialty_column  et_pb_css_mix_blend_mode et_block_column\">\n\t\t\t\t\n\t\t\t\t\n\t\t\t\t\n\t\t\t\t\n\t\t\t\t<div class=\"et_d4_element et_pb_row_inner et_pb_row_inner_0  et_pb_css_mix_blend_mode et_block_row\">\n\t\t\t\t<div class=\"et_pb_column et_pb_column_4_4 et_d4_element et_pb_column_inner et_pb_column_inner_0  et_pb_css_mix_blend_mode et-last-child et_block_column\">\n\t\t\t\t\n\t\t\t\t\n\t\t\t\t\n\t\t\t\t\n\t\t\t\t<div class=\"et_pb_module et_d4_element et_pb_text et_pb_text_0 et_hover_enabled  et_pb_text_align_center et_pb_bg_layout_light\">\n\t\t\t\t\n\t\t\t\t\n\t\t\t\t\n\t\t\t\t\n\t\t\t\t<div class=\"et_pb_text_inner\"><h2>Current Series<\/h2>\n<h3>Vestibulum ac diam sit amet quam vehicula elementum sed sit amet dui.<\/h3>\n<p>Lorem ipsum dolor sit amet, consectetur adipiscing elit. Curabitur aliquet quam id dui posuere blandit. Curabitur arcu erat, accumsan id imperdiet et, porttitor at sem. Curabitur non nulla sit amet nisl tempus convallis quis ac lectus.\u00a0Lorem ipsum dolor sit amet, consectetur adipiscing elit. Curabitur aliquet quam id dui posuere blandit. Curabitur arcu er<\/p><\/div>\n\t\t\t<\/div><div class=\"et_pb_button_module_wrapper et_pb_button_0_wrapper et_pb_button_alignment_center et_pb_module \">\n\t\t\t\t<a class=\"et_pb_button et_d4_element et_pb_button_0 et_pb_bg_layout_light et_block_module\" href=\"\">Learn More<\/a>\n\t\t\t<\/div>\n\t\t\t<\/div>\n\t\t\t\t\n\t\t\t\t\n\t\t\t\t\n\t\t\t\t\n\t\t\t<\/div>\n\t\t\t<\/div><div class=\"et_d4_element et_pb_column_1_3 et_pb_column et_pb_column_1    et_pb_css_mix_blend_mode et_block_column\">\n\t\t\t\t\n\t\t\t\t\n\t\t\t\t\n\t\t\t\t\n\t\t\t\t<div class=\"et_pb_module et_d4_element et_pb_video et_pb_video_0\">\n\t\t\t\t\n\t\t\t\t\n\t\t\t\t\n\t\t\t\t\n\t\t\t\t\n\t\t\t\t\n\t\t\t<\/div><div class=\"et_pb_module et_d4_element et_pb_text et_pb_text_1 et_hover_enabled  et_pb_text_align_center et_pb_bg_layout_light\">\n\t\t\t\t\n\t\t\t\t\n\t\t\t\t\n\t\t\t\t\n\t\t\t\t<div class=\"et_pb_text_inner\"><h4>Latest Message<\/h4><\/div>\n\t\t\t<\/div><div class=\"et_pb_module et_d4_element et_pb_cta_0 et_pb_promo  et_pb_text_align_center et_pb_bg_layout_dark\">\n\t\t\t\t\n\t\t\t\t\n\t\t\t\t\n\t\t\t\t\n\t\t\t\t<div class=\"et_pb_promo_description\"><h2 class=\"et_pb_module_header\">Quisque velit nisi, pretium ut lacinia <\/h2><div><p>October 29, 2018: Pellentesque Ipsum Id Orci Dapibus.<\/p><\/div><\/div>\n\t\t\t\t<div class=\"et_pb_button_wrapper\"><a class=\"et_pb_button et_pb_promo_button\" href=\"#\">More Info<\/a><\/div>\n\t\t\t<\/div>\n\t\t\t<\/div>\n\t\t\t\t<\/div>\n\t\t\t\t\n\t\t\t<\/div><div class=\"et_d4_element et_pb_section et_pb_section_2 et_hover_enabled et_pb_with_background  et_pb_css_mix_blend_mode et_section_regular et_block_section\" >\n\t\t\t\t\n\t\t\t\t\n\t\t\t\t\n\t\t\t\t\n\t\t\t\t\n\t\t\t\t\n\t\t\t\t<div class=\"et_d4_element et_pb_row et_pb_row_0  et_pb_css_mix_blend_mode et_block_row\">\n\t\t\t\t<div class=\"et_d4_element et_pb_column_4_4 et_pb_column et_pb_column_2  et_pb_css_mix_blend_mode et-last-child et_block_column\">\n\t\t\t\t\n\t\t\t\t\n\t\t\t\t\n\t\t\t\t\n\t\t\t\t<div class=\"et_pb_module et_d4_element et_pb_text et_pb_text_2 et_hover_enabled  et_pb_text_align_center et_pb_bg_layout_light\">\n\t\t\t\t\n\t\t\t\t\n\t\t\t\t\n\t\t\t\t\n\t\t\t\t<div class=\"et_pb_text_inner\"><h2>Watch<\/h2>\n<h3>Latest Sermons<\/h3><\/div>\n\t\t\t<\/div><div class=\"et_pb_with_border et_pb_module et_d4_element et_pb_blog_0 et_hover_enabled  et_pb_css_mix_blend_mode et_pb_blog_grid_wrapper et_pb_bg_layout_light\">\n\t\t\t\t\t<div class=\"et_pb_blog_grid clearfix \">\n\t\t\t\t\t\n\t\t\t\t\t\n\t\t\t\t\t\n\t\t\t\t\t\n\t\t\t\t\t<div class=\"et_pb_ajax_pagination_container\">\n\t\t\t\t\t\t<div class=\"et_pb_salvattore_content\" data-columns>\n\t\t\t<article id=\"post-801\" class=\"et_pb_post clearfix et_pb_blog_item_0_0 post-801 post type-post status-publish format-standard has-post-thumbnail hentry category-o-nama tag-dzon-kalvin tag-duro-trkulja tag-kalvinisticka-crkva tag-kalvinovo-videnje-crkve tag-luka-trkulja tag-novi-sad tag-pastor-th-d-djuro-trkulja tag-srpska-hriscanska-reformatska-crkva tag-sveto-pismo\">\n\n\t\t\t\t<div class=\"et_pb_image_container\"><a href=\"https:\/\/sr-rhc.org\/?p=801\" class=\"entry-featured-image-url\"><img loading=\"lazy\" decoding=\"async\" src=\"https:\/\/sr-rhc.org\/wp-content\/uploads\/2024\/04\/1520081806234-400x250.jpg\" alt=\"Kalvinovo vi\u0111enje Crkve\" class=\"\" srcset=\"https:\/\/sr-rhc.org\/wp-content\/uploads\/2024\/04\/1520081806234.jpg 479w, https:\/\/sr-rhc.org\/wp-content\/uploads\/2024\/04\/1520081806234-400x250.jpg 480w \" sizes=\"(max-width:479px) 479px, 100vw \"  width=\"400\" height=\"250\" \/><\/a><\/div>\n\t\t\t\t\t\t\t\t\t\t\t\t\t\t<h3 class=\"entry-title\">\n\t\t\t\t\t\t\t\t\t\t\t\t\t<a href=\"https:\/\/sr-rhc.org\/?p=801\">Kalvinovo vi\u0111enje Crkve<\/a>\n\t\t\t\t\t\t\t\t\t\t\t<\/h3>\n\t\t\t\t\n\t\t\t\t\t<p class=\"post-meta\"><span class=\"published\">Apr 4, 2024<\/span><\/p><div class=\"post-content\"><div class=\"post-content-inner\"><\/div><\/div>\t\t\t\n\t\t\t<\/article>\n\t\t\t\t\n\t\t\t<article id=\"post-796\" class=\"et_pb_post clearfix et_pb_blog_item_0_1 post-796 post type-post status-publish format-standard has-post-thumbnail hentry category-propoved tag-2-poslanica-timoteju tag-duro-trkulja tag-luka-trkulja tag-pastor-th-d-djuro-trkulja tag-srpska-hriscanska-reformatska-crkva tag-sveto-pismo\">\n\n\t\t\t\t<div class=\"et_pb_image_container\"><a href=\"https:\/\/sr-rhc.org\/?p=796\" class=\"entry-featured-image-url\"><img loading=\"lazy\" decoding=\"async\" src=\"https:\/\/sr-rhc.org\/wp-content\/uploads\/2024\/04\/1280x1280-320x250.jpg\" alt=\"2 Timoteju 3:16 &#8211; 17\" class=\"\" srcset=\"https:\/\/sr-rhc.org\/wp-content\/uploads\/2024\/04\/1280x1280.jpg 479w, https:\/\/sr-rhc.org\/wp-content\/uploads\/2024\/04\/1280x1280-320x250.jpg 480w \" sizes=\"(max-width:479px) 479px, 100vw \"  width=\"400\" height=\"250\" \/><\/a><\/div>\n\t\t\t\t\t\t\t\t\t\t\t\t\t\t<h3 class=\"entry-title\">\n\t\t\t\t\t\t\t\t\t\t\t\t\t<a href=\"https:\/\/sr-rhc.org\/?p=796\">2 Timoteju 3:16 &#8211; 17<\/a>\n\t\t\t\t\t\t\t\t\t\t\t<\/h3>\n\t\t\t\t\n\t\t\t\t\t<p class=\"post-meta\"><span class=\"published\">Apr 4, 2024<\/span><\/p><div class=\"post-content\"><div class=\"post-content-inner\"><\/div><\/div>\t\t\t\n\t\t\t<\/article>\n\t\t\t\t\n\t\t\t<article id=\"post-791\" class=\"et_pb_post clearfix et_pb_blog_item_0_2 post-791 post type-post status-publish format-standard has-post-thumbnail hentry category-o-nama tag-duro-trkulja tag-luka-trkulja tag-pastor-th-d-djuro-trkulja tag-srpska-hriscanska-reformatska-crkva\">\n\n\t\t\t\t<div class=\"et_pb_image_container\"><a href=\"https:\/\/sr-rhc.org\/?p=791\" class=\"entry-featured-image-url\"><img loading=\"lazy\" decoding=\"async\" src=\"https:\/\/sr-rhc.org\/wp-content\/uploads\/2024\/04\/images-7.jpg\" alt=\"Reformisano hri\u0161\u0107anstvo, Pravoslavlje i Katolicizam\" class=\"\" srcset=\"https:\/\/sr-rhc.org\/wp-content\/uploads\/2024\/04\/images-7.jpg 479w, https:\/\/sr-rhc.org\/wp-content\/uploads\/2024\/04\/images-7.jpg 480w \" sizes=\"(max-width:479px) 479px, 100vw \"  width=\"400\" height=\"250\" \/><\/a><\/div>\n\t\t\t\t\t\t\t\t\t\t\t\t\t\t<h3 class=\"entry-title\">\n\t\t\t\t\t\t\t\t\t\t\t\t\t<a href=\"https:\/\/sr-rhc.org\/?p=791\">Reformisano hri\u0161\u0107anstvo, Pravoslavlje i Katolicizam<\/a>\n\t\t\t\t\t\t\t\t\t\t\t<\/h3>\n\t\t\t\t\n\t\t\t\t\t<p class=\"post-meta\"><span class=\"published\">Apr 2, 2024<\/span><\/p><div class=\"post-content\"><div class=\"post-content-inner\"><\/div><\/div>\t\t\t\n\t\t\t<\/article>\n\t\t\t\t<\/div><div><div class=\"pagination clearfix\">\n\t<div class=\"alignleft\"><a href=\"https:\/\/sr-rhc.org\/index.php?rest_route=%2Fwp%2Fv2%2Fpages%2F470&#038;paged=2&#038;et_blog\" >&laquo; Older Entries<\/a><\/div>\n\t<div class=\"alignright\"><\/div>\n<\/div><\/div><\/div>\n\t\t\t\t\t<\/div>\n\t\t\t\t\t \n\t\t\t\t<\/div>\n\t\t\t<\/div>\n\t\t\t\t\n\t\t\t\t\n\t\t\t\t\n\t\t\t\t\n\t\t\t<\/div>\n\t\t\t\t\n\t\t\t\t\n\t\t\t<\/div><div class=\"et_d4_element et_pb_section et_pb_section_3 et_animated et_hover_enabled et_pb_with_background  et_pb_css_mix_blend_mode et_section_regular et_block_section\" >\n\t\t\t\t\n\t\t\t\t\n\t\t\t\t\n\t\t\t\t\n\t\t\t\t\n\t\t\t\t\n\t\t\t\t<div class=\"et_d4_element et_pb_row et_pb_row_1  et_pb_css_mix_blend_mode et_block_row\">\n\t\t\t\t<div class=\"et_d4_element et_pb_column_4_4 et_pb_column et_pb_column_3  et_pb_css_mix_blend_mode et-last-child et_block_column\">\n\t\t\t\t\n\t\t\t\t\n\t\t\t\t\n\t\t\t\t\n\t\t\t\t<div class=\"et_pb_module et_d4_element et_pb_text et_pb_text_3 et_hover_enabled  et_pb_text_align_center et_pb_bg_layout_dark\">\n\t\t\t\t\n\t\t\t\t\n\t\t\t\t\n\t\t\t\t\n\t\t\t\t<div class=\"et_pb_text_inner\"><h2>Watch<\/h2>\n<h3>Live Stream Current Sermon<\/h3><\/div>\n\t\t\t<\/div><div class=\"et_pb_module et_d4_element et_pb_video et_pb_video_1\">\n\t\t\t\t\n\t\t\t\t\n\t\t\t\t\n\t\t\t\t\n\t\t\t\t\n\t\t\t\t\n\t\t\t<\/div>\n\t\t\t<\/div>\n\t\t\t\t\n\t\t\t\t\n\t\t\t\t\n\t\t\t\t\n\t\t\t<\/div>\n\t\t\t\t\n\t\t\t\t\n\t\t\t<\/div><div class=\"et_d4_element et_pb_section et_pb_section_4 et_hover_enabled et_pb_section_parallax et_pb_with_background  et_pb_css_mix_blend_mode et_section_regular et_block_section\" >\n\t\t\t\t\n\t\t\t\t<span class=\"et_parallax_bg_wrap et-pb-parallax-wrapper\"><span\n\t\t\t\t\t\tclass=\"et_parallax_bg et_parallax_bg--et_pb_section_4\"\n\t\t\t\t\t\tstyle=\"background-image: url(https:\/\/sr-rhc.org\/wp-content\/uploads\/2024\/03\/church-18-1-scaled.jpg);\"\n\t\t\t\t\t><\/span><\/span>\n\t\t\t\t\n\t\t\t\t\n\t\t\t\t\n\t\t\t\t\n\t\t\t\t<div class=\"et_d4_element et_pb_row et_pb_row_2  et_pb_css_mix_blend_mode et_block_row\">\n\t\t\t\t<div class=\"et_d4_element et_pb_column_4_4 et_pb_column et_pb_column_4  et_pb_css_mix_blend_mode et-last-child et_block_column\">\n\t\t\t\t\n\t\t\t\t\n\t\t\t\t\n\t\t\t\t\n\t\t\t\t<div class=\"et_pb_module et_d4_element et_pb_text et_pb_text_4 et_hover_enabled  et_pb_text_align_center et_pb_bg_layout_light\">\n\t\t\t\t\n\t\t\t\t\n\t\t\t\t\n\t\t\t\t\n\t\t\t\t<div class=\"et_pb_text_inner\"><h2>REad<\/h2>\n<h3>News &amp; Stories<\/h3><\/div>\n\t\t\t<\/div><div class=\"et_pb_with_border et_pb_module et_d4_element et_pb_blog_1 et_hover_enabled  et_pb_css_mix_blend_mode et_pb_blog_grid_wrapper et_pb_bg_layout_light\">\n\t\t\t\t\t<div class=\"et_pb_blog_grid clearfix \">\n\t\t\t\t\t\n\t\t\t\t\t\n\t\t\t\t\t\n\t\t\t\t\t\n\t\t\t\t\t<div class=\"et_pb_ajax_pagination_container\">\n\t\t\t\t\t\t<div class=\"et_pb_salvattore_content\" data-columns>\n\t\t\t<article id=\"post-707\" class=\"et_pb_post clearfix et_pb_blog_item_1_0 post-707 post type-post status-publish format-video has-post-thumbnail hentry category-blog tag-bosko-trkulja tag-pastor-th-d-djuro-trkulja post_format-post-format-video\">\n\n\t\t\t\t<div class=\"et_pb_image_container\"><a href=\"https:\/\/sr-rhc.org\/?p=707\" class=\"entry-featured-image-url\"><img loading=\"lazy\" decoding=\"async\" src=\"https:\/\/sr-rhc.org\/wp-content\/uploads\/2024\/03\/maxresdefault-400x250.jpg\" alt=\"pastor dr \u0110uro Trkulja: &#8220;Opra\u0161tam ti ali brinem moj brate Bo\u0161ko&#8221; &#8211; Video\" class=\"\" srcset=\"https:\/\/sr-rhc.org\/wp-content\/uploads\/2024\/03\/maxresdefault.jpg 479w, https:\/\/sr-rhc.org\/wp-content\/uploads\/2024\/03\/maxresdefault-400x250.jpg 480w \" sizes=\"(max-width:479px) 479px, 100vw \"  width=\"400\" height=\"250\" \/><\/a><\/div>\n\t\t\t\t\t\t\t\t\t\t\t\t\t\t<h3 class=\"entry-title\">\n\t\t\t\t\t\t\t\t\t\t\t\t\t<a href=\"https:\/\/sr-rhc.org\/?p=707\">pastor dr \u0110uro Trkulja: &#8220;Opra\u0161tam ti ali brinem moj brate Bo\u0161ko&#8221; &#8211; Video<\/a>\n\t\t\t\t\t\t\t\t\t\t\t<\/h3>\n\t\t\t\t\n\t\t\t\t\t<p class=\"post-meta\"><span class=\"published\">Mar 28, 2024<\/span><\/p><div class=\"post-content\"><div class=\"post-content-inner\"><p>Da li si, Bo\u0161ko moj voljeni brate, uveren da si prav i isitinit, mudar i svet, iako smo svesni da znaci govore druga\u010dije i osu\u0111uju za nepravdu, la\u017e, glupost i prljav\u0161tinu? Da li te jalovi privid pravde sasvim zadovoljava nasuprot istine, po\u0161to nema ni\u010dega oko nas \u0161to nije jako zaga\u0111eno a ono \u0161to je najmanje uprljano prihvatamo kao vrlo \u010disto, da ti moj brate dok duh svoj zadovoljava\u0161 u granicama svoje ljudskosti? Neka ovo obra\u0107anje tebi, moj brate, bude istinita biografija, \u017eivotopis &#8220;mla\u0111eg i starijeg&#8221; brata. Ko ima u\u0161i da \u010duje, neka \u010duje!<br \/>\nMolim ti se svemogu\u0107i Bo\u017ee, ispuni me duhom svojim &#8211; duhom istine i neka moje re\u010di budu prekrivene pravedno\u0161\u0107u mog Gospoda i Spasitelja Isusa Hrista u \u010dije Ti se ime molim. Amen!<\/p>\n<\/div><\/div>\t\t\t\n\t\t\t<\/article>\n\t\t\t\t\n\t\t\t<article id=\"post-699\" class=\"et_pb_post clearfix et_pb_blog_item_1_1 post-699 post type-post status-publish format-standard has-post-thumbnail hentry category-blog category-pocetna tag-duro-trkulja tag-heidelberski-katekizam tag-luka-trkulja tag-pastor-th-d-djuro-trkulja tag-srpska-hriscanska-reformatska-crkva tag-teodora-roknic\">\n\n\t\t\t\t<div class=\"et_pb_image_container\"><a href=\"https:\/\/sr-rhc.org\/?p=699\" class=\"entry-featured-image-url\"><img loading=\"lazy\" decoding=\"async\" src=\"https:\/\/sr-rhc.org\/wp-content\/uploads\/2024\/03\/Kateheza-o-stvaranju-400x250.jpg\" alt=\"Heidelberski katekizam\" class=\"\" srcset=\"https:\/\/sr-rhc.org\/wp-content\/uploads\/2024\/03\/Kateheza-o-stvaranju.jpg 479w, https:\/\/sr-rhc.org\/wp-content\/uploads\/2024\/03\/Kateheza-o-stvaranju-400x250.jpg 480w \" sizes=\"(max-width:479px) 479px, 100vw \"  width=\"400\" height=\"250\" \/><\/a><\/div>\n\t\t\t\t\t\t\t\t\t\t\t\t\t\t<h3 class=\"entry-title\">\n\t\t\t\t\t\t\t\t\t\t\t\t\t<a href=\"https:\/\/sr-rhc.org\/?p=699\">Heidelberski katekizam<\/a>\n\t\t\t\t\t\t\t\t\t\t\t<\/h3>\n\t\t\t\t\n\t\t\t\t\t<p class=\"post-meta\"><span class=\"published\">Mar 28, 2024<\/span><\/p><div class=\"post-content\"><div class=\"post-content-inner\"><\/div><\/div>\t\t\t\n\t\t\t<\/article>\n\t\t\t\t\n\t\t\t<article id=\"post-620\" class=\"et_pb_post clearfix et_pb_blog_item_1_2 post-620 post type-post status-publish format-standard has-post-thumbnail hentry category-blog\">\n\n\t\t\t\t<div class=\"et_pb_image_container\"><a href=\"https:\/\/sr-rhc.org\/?p=620\" class=\"entry-featured-image-url\"><img loading=\"lazy\" decoding=\"async\" src=\"https:\/\/sr-rhc.org\/wp-content\/uploads\/2024\/03\/mqdefault-1.jpg\" alt=\"pastor dr \u0110uro Trkulja: Razlozi mog oprosta tebi iz kojih bi i ti morao pra\u0161tati, moj brate Bo\u0161ko\" class=\"\" srcset=\"https:\/\/sr-rhc.org\/wp-content\/uploads\/2024\/03\/mqdefault-1.jpg 479w, https:\/\/sr-rhc.org\/wp-content\/uploads\/2024\/03\/mqdefault-1.jpg 480w \" sizes=\"(max-width:479px) 479px, 100vw \"  width=\"400\" height=\"250\" \/><\/a><\/div>\n\t\t\t\t\t\t\t\t\t\t\t\t\t\t<h3 class=\"entry-title\">\n\t\t\t\t\t\t\t\t\t\t\t\t\t<a href=\"https:\/\/sr-rhc.org\/?p=620\">pastor dr \u0110uro Trkulja: Razlozi mog oprosta tebi iz kojih bi i ti morao pra\u0161tati, moj brate Bo\u0161ko<\/a>\n\t\t\t\t\t\t\t\t\t\t\t<\/h3>\n\t\t\t\t\n\t\t\t\t\t<p class=\"post-meta\"><span class=\"published\">Mar 26, 2024<\/span><\/p><div class=\"post-content\"><div class=\"post-content-inner\"><\/div><\/div>\t\t\t\n\t\t\t<\/article>\n\t\t\t\t<\/div><div><div class=\"pagination clearfix\">\n\t<div class=\"alignleft\"><\/div>\n\t<div class=\"alignright\"><\/div>\n<\/div><\/div><\/div>\n\t\t\t\t\t<\/div>\n\t\t\t\t\t \n\t\t\t\t<\/div>\n\t\t\t<\/div>\n\t\t\t\t\n\t\t\t\t\n\t\t\t\t\n\t\t\t\t\n\t\t\t<\/div>\n\t\t\t\t\n\t\t\t\t\n\t\t\t<\/div><div class=\"et_d4_element et_pb_section et_pb_section_5 et_animated et_pb_with_background  et_pb_css_mix_blend_mode et_section_regular et_block_section\" >\n\t\t\t\t\n\t\t\t\t\n\t\t\t\t\n\t\t\t\t\n\t\t\t\t\n\t\t\t\t\n\t\t\t\t<div class=\"et_d4_element et_pb_row et_pb_row_3  et_pb_css_mix_blend_mode et_block_row\">\n\t\t\t\t<div class=\"et_d4_element et_pb_column_1_4 et_pb_column et_pb_column_5  et_pb_css_mix_blend_mode et_block_column\">\n\t\t\t\t\n\t\t\t\t\n\t\t\t\t\n\t\t\t\t\n\t\t\t\t<div class=\"et_pb_module et_d4_element et_pb_text et_pb_text_5  et_pb_text_align_left et_pb_bg_layout_dark\">\n\t\t\t\t\n\t\t\t\t\n\t\t\t\t\n\t\t\t\t\n\t\t\t\t<div class=\"et_pb_text_inner\"><h4>About Us<\/h4>\n<p><a href=\"#\">About<\/a><br \/> <a href=\"#\">Students<\/a><br \/> <a href=\"#\">Young Adults<\/a><br \/> <a href=\"#\">Adults<\/a><br \/> <a href=\"#\">Our Mission<\/a><\/p><\/div>\n\t\t\t<\/div>\n\t\t\t<\/div><div class=\"et_d4_element et_pb_column_1_4 et_pb_column et_pb_column_6  et_pb_css_mix_blend_mode et_block_column\">\n\t\t\t\t\n\t\t\t\t\n\t\t\t\t\n\t\t\t\t\n\t\t\t\t<div class=\"et_pb_module et_d4_element et_pb_text et_pb_text_6  et_pb_text_align_left et_pb_bg_layout_dark\">\n\t\t\t\t\n\t\t\t\t\n\t\t\t\t\n\t\t\t\t\n\t\t\t\t<div class=\"et_pb_text_inner\"><h4>Next Steps<\/h4>\n<p><a href=\"#\">Groups<\/a><br \/> <a href=\"#\">Serving<\/a><br \/> <a href=\"#\">Baptism<\/a><br \/> <a href=\"#\">Pray<\/a><br \/><a href=\"#\">Missions<\/a><br \/> <a href=\"#\">Salvation<\/a><br \/> <a href=\"#\">Care<\/a><\/p><\/div>\n\t\t\t<\/div>\n\t\t\t<\/div><div class=\"et_d4_element et_pb_column_1_4 et_pb_column et_pb_column_7  et_pb_css_mix_blend_mode et_block_column\">\n\t\t\t\t\n\t\t\t\t\n\t\t\t\t\n\t\t\t\t\n\t\t\t\t<div class=\"et_pb_module et_d4_element et_pb_text et_pb_text_7  et_pb_text_align_left et_pb_bg_layout_dark\">\n\t\t\t\t\n\t\t\t\t\n\t\t\t\t\n\t\t\t\t\n\t\t\t\t<div class=\"et_pb_text_inner\"><h4>Resources<\/h4>\n<p><a href=\"#\">Watch<\/a><br \/>\n<a href=\"#\">Ready<\/a><br \/>\n<a href=\"#\">Sermons<\/a><br \/>\n<a href=\"#\">Blog<\/a><br \/>\n<a href=\"#\">Music<\/a><\/div>\n\t\t\t<\/div>\n\t\t\t<\/div><div class=\"et_d4_element et_pb_column_1_4 et_pb_column et_pb_column_8  et_pb_css_mix_blend_mode et-last-child et_block_column\">\n\t\t\t\t\n\t\t\t\t\n\t\t\t\t\n\t\t\t\t\n\t\t\t\t<div class=\"et_pb_module et_d4_element et_pb_text et_pb_text_8  et_pb_text_align_left et_pb_bg_layout_dark\">\n\t\t\t\t\n\t\t\t\t\n\t\t\t\t\n\t\t\t\t\n\t\t\t\t<div class=\"et_pb_text_inner\"><h4>Get Involved<\/h4>\n<p><a href=\"#\">Give<\/a><br \/> <a href=\"#\">Volunteer<\/a><br \/><a href=\"#\">Visit<\/a><br \/> <a href=\"#\">Contact Us<\/a><\/p><\/div>\n\t\t\t<\/div>\n\t\t\t<\/div>\n\t\t\t\t\n\t\t\t\t\n\t\t\t\t\n\t\t\t\t\n\t\t\t<\/div><div class=\"et_d4_element et_pb_row et_pb_row_4  et_pb_css_mix_blend_mode et_block_row\">\n\t\t\t\t<div class=\"et_d4_element et_pb_column_4_4 et_pb_column et_pb_column_9  et_pb_css_mix_blend_mode et-last-child et_block_column\">\n\t\t\t\t\n\t\t\t\t\n\t\t\t\t\n\t\t\t\t\n\t\t\t\t<div class=\"et_pb_with_border et_pb_module et_d4_element et_pb_signup_0 et_pb_newsletter_layout_top_bottom et_pb_newsletter et_pb_subscribe clearfix  et_pb_text_align_center et_pb_bg_layout_dark et_pb_no_bg et_pb_newsletter_description_no_content\">\n\t\t\t\t\n\t\t\t\t\n\t\t\t\t\n\t\t\t\t\n\t\t\t\t<div class=\"et_pb_newsletter_description\"><h2 class=\"et_pb_module_header\">Stay In Touch<\/h2><\/div>\n\t\t\t\t\n\t\t\t\t<div class=\"et_pb_newsletter_form\">\n\t\t\t\t\t<form method=\"post\">\n\t\t\t\t\t\t<div class=\"et_pb_newsletter_result et_pb_newsletter_error\"><\/div>\n\t\t\t\t\t\t<div class=\"et_pb_newsletter_result et_pb_newsletter_success\">\n\t\t\t\t\t\t\t<h2>Success!<\/h2>\n\t\t\t\t\t\t<\/div>\n\t\t\t\t\t\t<div class=\"et_pb_newsletter_fields\">\n\t\t\t\t\t\t\t\n\t\t\t\t\t<p class=\"et_pb_newsletter_field et_pb_contact_field_last et_pb_contact_field_last_tablet et_pb_contact_field_last_phone\">\n\t\t\t\t\t\t<label class=\"et_pb_contact_form_label\" for=\"et_pb_signup_firstname\" style=\"display: none;\">Name<\/label>\n\t\t\t\t\t\t<input id=\"et_pb_signup_firstname\" class=\"input\" type=\"text\" placeholder=\"Name\" name=\"et_pb_signup_firstname\">\n\t\t\t\t\t<\/p>\n\t\t\t\t\t\t\t\n\t\t\t\t\t\t\t\n\t\t\t\t\t<p class=\"et_pb_newsletter_field et_pb_contact_field_last et_pb_contact_field_last_tablet et_pb_contact_field_last_phone\">\n\t\t\t\t\t\t<label class=\"et_pb_contact_form_label\" for=\"et_pb_signup_email\" style=\"display: none;\">Email<\/label>\n\t\t\t\t\t\t<input id=\"et_pb_signup_email\" class=\"input\" type=\"text\" placeholder=\"Email\" name=\"et_pb_signup_email\">\n\t\t\t\t\t<\/p>\n\t\t\t\t\t\t\t\n\t\t\t\t\t\t\t\n\t\t\t\t\t<p class=\"et_pb_newsletter_button_wrap\">\n\t\t\t\t\t\t<a class=\"et_pb_newsletter_button et_pb_button\" href=\"#\" data-icon=\"\">\n\t\t\t\t\t\t\t<span class=\"et_subscribe_loader\"><\/span>\n\t\t\t\t\t\t\t<span class=\"et_pb_newsletter_button_text\">Subscribe<\/span>\n\t\t\t\t\t\t<\/a>\n\t\t\t\t\t<\/p>\n\t\t\t\t\t\t\t\n\t\t\t\t\t\t<\/div>\n\t\t\t\t\t\t\n\t\t\t\t\t\t<input type=\"hidden\" value=\"mailchimp\" name=\"et_pb_signup_provider\" \/>\n\t\t\t\t\t\t<input type=\"hidden\" value=\"26e9af0331\" name=\"et_pb_signup_list_id\" \/>\n\t\t\t\t\t\t<input type=\"hidden\" value=\"elegantthemestest\" name=\"et_pb_signup_account_name\" \/>\n\t\t\t\t\t\t<input type=\"hidden\" value=\"true\" name=\"et_pb_signup_ip_address\" \/><input type=\"hidden\" value=\"e8d6da0b6d59208da99a86e1d2295f48\" name=\"et_pb_signup_checksum\" \/>\n\t\t\t\t\t<\/form>\n\t\t\t\t<\/div>\n\t\t\t<\/div><ul class=\"et_pb_module et_d4_element et_pb_social_media_follow et_pb_social_media_follow_0 clearfix  et_pb_text_align_center et_pb_bg_layout_light\">\n\t\t\t\t\n\t\t\t\t\n\t\t\t\t\n\t\t\t\t\n\t\t\t\t<li\n            class='et_d4_element et_pb_social_media_follow_network_0 et_pb_social_icon et_pb_social_network_link  et-social-facebook'><a\n              href='#'\n              class='icon et_pb_with_border'\n              title='Follow on Facebook'\n               target=\"_blank\"><span\n                class='et_pb_social_media_follow_network_name'\n                aria-hidden='true'\n                >Follow<\/span><\/a><\/li><li\n            class='et_d4_element et_pb_social_media_follow_network_1 et_pb_social_icon et_pb_social_network_link  et-social-twitter'><a\n              href='#'\n              class='icon et_pb_with_border'\n              title='Follow on X'\n               target=\"_blank\"><span\n                class='et_pb_social_media_follow_network_name'\n                aria-hidden='true'\n                >Follow<\/span><\/a><\/li><li\n            class='et_d4_element et_pb_social_media_follow_network_2 et_pb_social_icon et_pb_social_network_link  et-social-instagram'><a\n              href='#'\n              class='icon et_pb_with_border'\n              title='Follow on Instagram'\n               target=\"_blank\"><span\n                class='et_pb_social_media_follow_network_name'\n                aria-hidden='true'\n                >Follow<\/span><\/a><\/li><li\n            class='et_d4_element et_pb_social_media_follow_network_3 et_pb_social_icon et_pb_social_network_link  et-social-youtube'><a\n              href='#'\n              class='icon et_pb_with_border'\n              title='Follow on Youtube'\n               target=\"_blank\"><span\n                class='et_pb_social_media_follow_network_name'\n                aria-hidden='true'\n                >Follow<\/span><\/a><\/li>\n\t\t\t<\/ul>\n\t\t\t<\/div>\n\t\t\t\t\n\t\t\t\t\n\t\t\t\t\n\t\t\t\t\n\t\t\t<\/div>\n\t\t\t\t\n\t\t\t\t\n\t\t\t<\/div><\/p>\n","protected":false},"excerpt":{"rendered":"","protected":false},"author":1,"featured_media":0,"parent":0,"menu_order":0,"comment_status":"closed","ping_status":"closed","template":"","meta":{"_et_pb_use_builder":"on","_et_pb_old_content":"","_et_gb_content_width":"","footnotes":""},"class_list":["post-470","page","type-page","status-publish","hentry"],"_links":{"self":[{"href":"https:\/\/sr-rhc.org\/index.php?rest_route=\/wp\/v2\/pages\/470","targetHints":{"allow":["GET"]}}],"collection":[{"href":"https:\/\/sr-rhc.org\/index.php?rest_route=\/wp\/v2\/pages"}],"about":[{"href":"https:\/\/sr-rhc.org\/index.php?rest_route=\/wp\/v2\/types\/page"}],"author":[{"embeddable":true,"href":"https:\/\/sr-rhc.org\/index.php?rest_route=\/wp\/v2\/users\/1"}],"replies":[{"embeddable":true,"href":"https:\/\/sr-rhc.org\/index.php?rest_route=%2Fwp%2Fv2%2Fcomments&post=470"}],"version-history":[{"count":8,"href":"https:\/\/sr-rhc.org\/index.php?rest_route=\/wp\/v2\/pages\/470\/revisions"}],"predecessor-version":[{"id":824,"href":"https:\/\/sr-rhc.org\/index.php?rest_route=\/wp\/v2\/pages\/470\/revisions\/824"}],"wp:attachment":[{"href":"https:\/\/sr-rhc.org\/index.php?rest_route=%2Fwp%2Fv2%2Fmedia&parent=470"}],"curies":[{"name":"wp","href":"https:\/\/api.w.org\/{rel}","templated":true}]}}